{"id":1197,"date":"2021-09-29T23:02:09","date_gmt":"2021-09-29T20:02:09","guid":{"rendered":"https:\/\/www.duyangelsin.com\/?post_type=product&#038;p=1197"},"modified":"2021-09-29T23:02:09","modified_gmt":"2021-09-29T20:02:09","slug":"gbeaute-reishi-misty","status":"publish","type":"product","link":"https:\/\/www.duyangelsin.com\/index.php\/urun\/gbeaute-reishi-misty\/","title":{"rendered":"G\u2019Beaute Reishi Misty"},"content":{"rendered":"<p>G\u2019Beaute Reishi Misty, daha p\u00fcr\u00fczs\u00fcz ve gen\u00e7 g\u00f6r\u00fcnen bir cilt i\u00e7in optimal olarak form\u00fcle edilmi\u015ftir.<\/p>\n<p>Zamanla cilt dokusunu ve parlakl\u0131\u011f\u0131n\u0131 art\u0131rarak ciltteki ince \u00e7izgi ve k\u0131r\u0131\u015f\u0131kl\u0131klar\u0131 gizlemeye yard\u0131mc\u0131 olur.<\/p>\n<p><strong>\u00dcR\u00dcN DETAYI:<\/strong><br \/>\n<strong>Tip:<\/strong>\u00a0Ki\u015fisel Bak\u0131m \u00dcr\u00fcnleri<br \/>\n<strong>\u00dcr\u00fcn Kodu:<\/strong>\u00a0RM<br \/>\n<strong>Adet:<\/strong>\u00a01 Adet<br \/>\n<strong>Net Miktar\u0131:\u00a0<\/strong>50 ml<\/p>\n","protected":false},"excerpt":{"rendered":"<p>G\u2019Beaute Reishi Misty, daha p\u00fcr\u00fczs\u00fcz ve gen\u00e7 g\u00f6r\u00fcnen bir cilt i\u00e7in optimal olarak form\u00fcle edilmi\u015ftir. Zamanla cilt dokusunu ve parlakl\u0131\u011f\u0131n\u0131 art\u0131rarak ciltteki ince \u00e7izgi ve k\u0131r\u0131\u015f\u0131kl\u0131klar\u0131 gizlemeye yard\u0131mc\u0131 olur. \u00dcR\u00dcN DETAYI: Tip:\u00a0Ki\u015fisel Bak\u0131m \u00dcr\u00fcnleri \u00dcr\u00fcn Kodu:\u00a0RM Adet:\u00a01 Adet Net Miktar\u0131:\u00a050 ml<\/p>\n","protected":false},"featured_media":1198,"comment_status":"open","ping_status":"closed","template":"","meta":[],"product_cat":[138],"product_tag":[123,140,119,139,142,143,141],"_links":{"self":[{"href":"https:\/\/www.duyangelsin.com\/index.php\/wp-json\/wp\/v2\/product\/1197"}],"collection":[{"href":"https:\/\/www.duyangelsin.com\/index.php\/wp-json\/wp\/v2\/product"}],"about":[{"href":"https:\/\/www.duyangelsin.com\/index.php\/wp-json\/wp\/v2\/types\/product"}],"replies":[{"embeddable":true,"href":"https:\/\/www.duyangelsin.com\/index.php\/wp-json\/wp\/v2\/comments?post=1197"}],"wp:featuredmedia":[{"embeddable":true,"href":"https:\/\/www.duyangelsin.com\/index.php\/wp-json\/wp\/v2\/media\/1198"}],"wp:attachment":[{"href":"https:\/\/www.duyangelsin.com\/index.php\/wp-json\/wp\/v2\/media?parent=1197"}],"wp:term":[{"taxonomy":"product_cat","embeddable":true,"href":"https:\/\/www.duyangelsin.com\/index.php\/wp-json\/wp\/v2\/product_cat?post=1197"},{"taxonomy":"product_tag","embeddable":true,"href":"https:\/\/www.duyangelsin.com\/index.php\/wp-json\/wp\/v2\/product_tag?post=1197"}],"curies":[{"name":"wp","href":"https:\/\/api.w.org\/{rel}","templated":true}]}}