{"id":1195,"date":"2021-09-29T22:57:16","date_gmt":"2021-09-29T19:57:16","guid":{"rendered":"https:\/\/www.duyangelsin.com\/?post_type=product&#038;p=1195"},"modified":"2021-09-29T22:57:17","modified_gmt":"2021-09-29T19:57:17","slug":"gano-soap","status":"publish","type":"product","link":"https:\/\/www.duyangelsin.com\/index.php\/urun\/gano-soap\/","title":{"rendered":"Gano Soap"},"content":{"rendered":"<p>Ganoderma Lucidum<em>\u00a0<\/em>ve ke\u00e7i s\u00fct\u00fc ile zenginle\u015ftirilmi\u015ftir. Cildiniz fark\u0131 hissedecek.<\/p>\n<p>Bu yumu\u015fak ve de\u011ferli sabun sayesinde, y\u00fcz\u00fcn\u00fczde ve v\u00fccudunuzda harika bir temizlik ve p\u00fcr\u00fczs\u00fcz<\/p>\n<p>bir yumu\u015fakl\u0131k hissedeceksiniz.<\/p>\n<h3><strong>\u00dcr\u00fcn Detaylar\u0131<\/strong><\/h3>\n<p><strong>Tip:<\/strong>\u00a0Ki\u015fisel Bak\u0131m \u00dcr\u00fcnleri<\/p>\n<p><strong>\u00dcr\u00fcn Kodu:\u00a0<\/strong>S<\/p>\n<p><strong>Adet:\u00a0<\/strong>2 adet<\/p>\n<p><strong>Net Miktar:\u00a0<\/strong>100 gr. (1 sabun)<\/p>\n","protected":false},"excerpt":{"rendered":"<p>Ganoderma Lucidum\u00a0ve ke\u00e7i s\u00fct\u00fc ile zenginle\u015ftirilmi\u015ftir. Cildiniz fark\u0131 hissedecek. Bu yumu\u015fak ve de\u011ferli sabun sayesinde, y\u00fcz\u00fcn\u00fczde ve v\u00fccudunuzda harika bir temizlik ve p\u00fcr\u00fczs\u00fcz bir yumu\u015fakl\u0131k hissedeceksiniz. \u00dcr\u00fcn Detaylar\u0131 Tip:\u00a0Ki\u015fisel Bak\u0131m \u00dcr\u00fcnleri \u00dcr\u00fcn Kodu:\u00a0S Adet:\u00a02 adet Net Miktar:\u00a0100 gr. (1 sabun)<\/p>\n","protected":false},"featured_media":1196,"comment_status":"open","ping_status":"closed","template":"","meta":[],"product_cat":[116],"product_tag":[119,134,131,133,137,132,135,127,136],"_links":{"self":[{"href":"https:\/\/www.duyangelsin.com\/index.php\/wp-json\/wp\/v2\/product\/1195"}],"collection":[{"href":"https:\/\/www.duyangelsin.com\/index.php\/wp-json\/wp\/v2\/product"}],"about":[{"href":"https:\/\/www.duyangelsin.com\/index.php\/wp-json\/wp\/v2\/types\/product"}],"replies":[{"embeddable":true,"href":"https:\/\/www.duyangelsin.com\/index.php\/wp-json\/wp\/v2\/comments?post=1195"}],"wp:featuredmedia":[{"embeddable":true,"href":"https:\/\/www.duyangelsin.com\/index.php\/wp-json\/wp\/v2\/media\/1196"}],"wp:attachment":[{"href":"https:\/\/www.duyangelsin.com\/index.php\/wp-json\/wp\/v2\/media?parent=1195"}],"wp:term":[{"taxonomy":"product_cat","embeddable":true,"href":"https:\/\/www.duyangelsin.com\/index.php\/wp-json\/wp\/v2\/product_cat?post=1195"},{"taxonomy":"product_tag","embeddable":true,"href":"https:\/\/www.duyangelsin.com\/index.php\/wp-json\/wp\/v2\/product_tag?post=1195"}],"curies":[{"name":"wp","href":"https:\/\/api.w.org\/{rel}","templated":true}]}}