{"id":1193,"date":"2021-09-29T22:54:23","date_gmt":"2021-09-29T19:54:23","guid":{"rendered":"https:\/\/www.duyangelsin.com\/?post_type=product&#038;p=1193"},"modified":"2021-09-29T22:54:24","modified_gmt":"2021-09-29T19:54:24","slug":"gano-transparent-soap","status":"publish","type":"product","link":"https:\/\/www.duyangelsin.com\/index.php\/urun\/gano-transparent-soap\/","title":{"rendered":"Gano Transparent Soap"},"content":{"rendered":"<p>Gano \u015eeffaf Sabun, Ganoderma Lucidum \u00f6z\u00fct\u00fc, aloe vera ve papaya bitkisinden \u00fcretilmi\u015ftir.<\/p>\n<p>Cildi nemlendirir, daha p\u00fcr\u00fczs\u00fcz ve yumu\u015fak bir g\u00f6r\u00fcn\u00fcm sa\u011flar.<\/p>\n<p>Cildinizi tazeler, sa\u011fl\u0131kl\u0131 bir renk kazand\u0131r\u0131r. Sa\u00e7lar\u0131n\u0131z\u0131n g\u00fczelle\u015fmesine yard\u0131mc\u0131 olur ve parlakl\u0131k kazand\u0131r\u0131r.<\/p>\n<p>&nbsp;<\/p>\n<h3><strong>\u00dcr\u00fcn Detaylar\u0131<\/strong><\/h3>\n<p><strong>Tip:<\/strong>\u00a0Ki\u015fisel Bak\u0131m \u00dcr\u00fcnleri<\/p>\n<p><strong>\u00dcr\u00fcn Kodu:\u00a0<\/strong>GTS<\/p>\n<p><strong>Adet:\u00a0<\/strong>1 adet<\/p>\n<p><strong>Net Miktar:\u00a0<\/strong>100 gr.<\/p>\n","protected":false},"excerpt":{"rendered":"<p>Gano \u015eeffaf Sabun, Ganoderma Lucidum \u00f6z\u00fct\u00fc, aloe vera ve papaya bitkisinden \u00fcretilmi\u015ftir. Cildi nemlendirir, daha p\u00fcr\u00fczs\u00fcz ve yumu\u015fak bir g\u00f6r\u00fcn\u00fcm sa\u011flar. Cildinizi tazeler, sa\u011fl\u0131kl\u0131 bir renk kazand\u0131r\u0131r. Sa\u00e7lar\u0131n\u0131z\u0131n g\u00fczelle\u015fmesine yard\u0131mc\u0131 olur ve parlakl\u0131k kazand\u0131r\u0131r. &nbsp; \u00dcr\u00fcn Detaylar\u0131 Tip:\u00a0Ki\u015fisel Bak\u0131m \u00dcr\u00fcnleri \u00dcr\u00fcn Kodu:\u00a0GTS Adet:\u00a01 adet Net Miktar:\u00a0100 gr.<\/p>\n","protected":false},"featured_media":1194,"comment_status":"open","ping_status":"closed","template":"","meta":[],"product_cat":[116],"product_tag":[129,122,123,124,119,120,121,126,125,130,117,118,127,128],"_links":{"self":[{"href":"https:\/\/www.duyangelsin.com\/index.php\/wp-json\/wp\/v2\/product\/1193"}],"collection":[{"href":"https:\/\/www.duyangelsin.com\/index.php\/wp-json\/wp\/v2\/product"}],"about":[{"href":"https:\/\/www.duyangelsin.com\/index.php\/wp-json\/wp\/v2\/types\/product"}],"replies":[{"embeddable":true,"href":"https:\/\/www.duyangelsin.com\/index.php\/wp-json\/wp\/v2\/comments?post=1193"}],"wp:featuredmedia":[{"embeddable":true,"href":"https:\/\/www.duyangelsin.com\/index.php\/wp-json\/wp\/v2\/media\/1194"}],"wp:attachment":[{"href":"https:\/\/www.duyangelsin.com\/index.php\/wp-json\/wp\/v2\/media?parent=1193"}],"wp:term":[{"taxonomy":"product_cat","embeddable":true,"href":"https:\/\/www.duyangelsin.com\/index.php\/wp-json\/wp\/v2\/product_cat?post=1193"},{"taxonomy":"product_tag","embeddable":true,"href":"https:\/\/www.duyangelsin.com\/index.php\/wp-json\/wp\/v2\/product_tag?post=1193"}],"curies":[{"name":"wp","href":"https:\/\/api.w.org\/{rel}","templated":true}]}}