{"id":1191,"date":"2021-09-29T22:48:33","date_gmt":"2021-09-29T19:48:33","guid":{"rendered":"https:\/\/www.duyangelsin.com\/?post_type=product&#038;p=1191"},"modified":"2021-09-29T22:48:33","modified_gmt":"2021-09-29T19:48:33","slug":"gano-schokolade-3-in-1","status":"publish","type":"product","link":"https:\/\/www.duyangelsin.com\/index.php\/urun\/gano-schokolade-3-in-1\/","title":{"rendered":"Gano Schokolade 3 in 1"},"content":{"rendered":"<p>Ganoderma Lucidum \u00f6z\u00fcnden, kakaodan, s\u00fcts\u00fcz kremadan ve ya\u011fs\u0131z s\u00fctten form\u00fcle edilmi\u015f, her ya\u015ftaki insan i\u00e7in<\/p>\n<p>i\u00e7imi ho\u015f bir i\u00e7ecektir.<\/p>\n<h3><strong>\u00dcr\u00fcn Detaylar\u0131<\/strong><\/h3>\n<p><strong>Tip:\u00a0<\/strong>Kahve<\/p>\n<p><strong>\u00dcr\u00fcn Kodu:\u00a0<\/strong>SC-2<\/p>\n<p><strong>Adet:\u00a0<\/strong>20 po\u015fet<\/p>\n<p><strong>Net Miktar:\u00a0<\/strong>30 gr. (1 po\u015fet)<\/p>\n","protected":false},"excerpt":{"rendered":"<p>Ganoderma Lucidum \u00f6z\u00fcnden, kakaodan, s\u00fcts\u00fcz kremadan ve ya\u011fs\u0131z s\u00fctten form\u00fcle edilmi\u015f, her ya\u015ftaki insan i\u00e7in i\u00e7imi ho\u015f bir i\u00e7ecektir. \u00dcr\u00fcn Detaylar\u0131 Tip:\u00a0Kahve \u00dcr\u00fcn Kodu:\u00a0SC-2 Adet:\u00a020 po\u015fet Net Miktar:\u00a030 gr. (1 po\u015fet)<\/p>\n","protected":false},"featured_media":1192,"comment_status":"open","ping_status":"closed","template":"","meta":[],"product_cat":[83],"product_tag":[106,114,115,110,111,112,113,109],"_links":{"self":[{"href":"https:\/\/www.duyangelsin.com\/index.php\/wp-json\/wp\/v2\/product\/1191"}],"collection":[{"href":"https:\/\/www.duyangelsin.com\/index.php\/wp-json\/wp\/v2\/product"}],"about":[{"href":"https:\/\/www.duyangelsin.com\/index.php\/wp-json\/wp\/v2\/types\/product"}],"replies":[{"embeddable":true,"href":"https:\/\/www.duyangelsin.com\/index.php\/wp-json\/wp\/v2\/comments?post=1191"}],"wp:featuredmedia":[{"embeddable":true,"href":"https:\/\/www.duyangelsin.com\/index.php\/wp-json\/wp\/v2\/media\/1192"}],"wp:attachment":[{"href":"https:\/\/www.duyangelsin.com\/index.php\/wp-json\/wp\/v2\/media?parent=1191"}],"wp:term":[{"taxonomy":"product_cat","embeddable":true,"href":"https:\/\/www.duyangelsin.com\/index.php\/wp-json\/wp\/v2\/product_cat?post=1191"},{"taxonomy":"product_tag","embeddable":true,"href":"https:\/\/www.duyangelsin.com\/index.php\/wp-json\/wp\/v2\/product_tag?post=1191"}],"curies":[{"name":"wp","href":"https:\/\/api.w.org\/{rel}","templated":true}]}}