{"id":1187,"date":"2021-09-29T22:41:17","date_gmt":"2021-09-29T19:41:17","guid":{"rendered":"https:\/\/www.duyangelsin.com\/?post_type=product&#038;p=1187"},"modified":"2021-09-29T22:41:17","modified_gmt":"2021-09-29T19:41:17","slug":"gano-cafe-3-in-1","status":"publish","type":"product","link":"https:\/\/www.duyangelsin.com\/index.php\/urun\/gano-cafe-3-in-1\/","title":{"rendered":"Gano Cafe 3 in 1"},"content":{"rendered":"<p>Gano Cafe 3 in 1, Ganoderma Lucidum<em>\u00a0<\/em>\u00f6z\u00fcnden yap\u0131lan, besin de\u011feri olan, b\u00fcnyesinde kaliteli kahveyi,<\/p>\n<p>s\u00fcts\u00fcz kremay\u0131 ve \u015fekeri bar\u0131nd\u0131ran zengin bir \u00fcr\u00fcnd\u00fcr.<\/p>\n<p>Gano Cafe 3 in 1, d\u00fcnyada kahve ve Ganoderma Lucidum kombinasyonu ile ile t\u00fcketiciye sunulan bilinen ilk i\u00e7ecektir.<\/p>\n<p>\u0130\u00e7eri\u011fi kadar tad\u0131 da harika&#8230;<\/p>\n<p><strong>\u00dcr\u00fcn Detaylar\u0131<\/strong><\/p>\n<p><strong>Tip:<\/strong>\u00a0Kahve<\/p>\n<p><strong>\u00dcr\u00fcn Kodu:\u00a0<\/strong>C<\/p>\n<p><strong>Adet:\u00a0<\/strong>20 po\u015fet<\/p>\n<p><strong>Net Miktar:\u00a0<\/strong>21 gr. (1 po\u015fet)<\/p>\n","protected":false},"excerpt":{"rendered":"<p>Gano Cafe 3 in 1, Ganoderma Lucidum\u00a0\u00f6z\u00fcnden yap\u0131lan, besin de\u011feri olan, b\u00fcnyesinde kaliteli kahveyi, s\u00fcts\u00fcz kremay\u0131 ve \u015fekeri bar\u0131nd\u0131ran zengin bir \u00fcr\u00fcnd\u00fcr. Gano Cafe 3 in 1, d\u00fcnyada kahve ve Ganoderma Lucidum kombinasyonu ile ile t\u00fcketiciye sunulan bilinen ilk i\u00e7ecektir. \u0130\u00e7eri\u011fi kadar tad\u0131 da harika&#8230; \u00dcr\u00fcn Detaylar\u0131 Tip:\u00a0Kahve \u00dcr\u00fcn Kodu:\u00a0C Adet:\u00a020 po\u015fet Net Miktar:\u00a021 gr. [&hellip;]<\/p>\n","protected":false},"featured_media":1188,"comment_status":"open","ping_status":"closed","template":"","meta":[],"product_cat":[83],"product_tag":[99,87,100,101,85,89,98],"_links":{"self":[{"href":"https:\/\/www.duyangelsin.com\/index.php\/wp-json\/wp\/v2\/product\/1187"}],"collection":[{"href":"https:\/\/www.duyangelsin.com\/index.php\/wp-json\/wp\/v2\/product"}],"about":[{"href":"https:\/\/www.duyangelsin.com\/index.php\/wp-json\/wp\/v2\/types\/product"}],"replies":[{"embeddable":true,"href":"https:\/\/www.duyangelsin.com\/index.php\/wp-json\/wp\/v2\/comments?post=1187"}],"wp:featuredmedia":[{"embeddable":true,"href":"https:\/\/www.duyangelsin.com\/index.php\/wp-json\/wp\/v2\/media\/1188"}],"wp:attachment":[{"href":"https:\/\/www.duyangelsin.com\/index.php\/wp-json\/wp\/v2\/media?parent=1187"}],"wp:term":[{"taxonomy":"product_cat","embeddable":true,"href":"https:\/\/www.duyangelsin.com\/index.php\/wp-json\/wp\/v2\/product_cat?post=1187"},{"taxonomy":"product_tag","embeddable":true,"href":"https:\/\/www.duyangelsin.com\/index.php\/wp-json\/wp\/v2\/product_tag?post=1187"}],"curies":[{"name":"wp","href":"https:\/\/api.w.org\/{rel}","templated":true}]}}