{"id":1185,"date":"2021-09-29T22:37:17","date_gmt":"2021-09-29T19:37:17","guid":{"rendered":"https:\/\/www.duyangelsin.com\/?post_type=product&#038;p=1185"},"modified":"2021-09-29T22:37:17","modified_gmt":"2021-09-29T19:37:17","slug":"ganocafe-classic","status":"publish","type":"product","link":"https:\/\/www.duyangelsin.com\/index.php\/urun\/ganocafe-classic\/","title":{"rendered":"Ganocafe Classic"},"content":{"rendered":"<p>GANOCAF\u00c9 CLASSIC, Ganoderma Lucidum<em>\u00a0<\/em>\u00f6z\u00fc ile kahveden harmanlanan haz\u0131r bir siyah kahvedir.<\/p>\n<p>GANOCAF\u00c9 CLASSIC, aroma ve tat olarak klasik \u00f6zellikteki bir kahve \u00fcr\u00fcn\u00fcd\u00fcr.<\/p>\n<p>Klasik tat i\u00e7in do\u011fru harman&#8230;<\/p>\n<h3><strong>\u00dcr\u00fcn Detay\u0131<\/strong><\/h3>\n<p><strong>Tip :\u00a0<\/strong>Kahve<\/p>\n<p><strong>\u00dcr\u00fcn Kodu:\u00a0<\/strong>CC<\/p>\n<p><strong>Adet:<\/strong>\u00a030 po\u015fet<\/p>\n<p><strong>Net Miktar:<\/strong>\u00a03 gr. (1 po\u015fet)<\/p>\n","protected":false},"excerpt":{"rendered":"<p>GANOCAF\u00c9 CLASSIC, Ganoderma Lucidum\u00a0\u00f6z\u00fc ile kahveden harmanlanan haz\u0131r bir siyah kahvedir. GANOCAF\u00c9 CLASSIC, aroma ve tat olarak klasik \u00f6zellikteki bir kahve \u00fcr\u00fcn\u00fcd\u00fcr. Klasik tat i\u00e7in do\u011fru harman&#8230; \u00dcr\u00fcn Detay\u0131 Tip :\u00a0Kahve \u00dcr\u00fcn Kodu:\u00a0CC Adet:\u00a030 po\u015fet Net Miktar:\u00a03 gr. (1 po\u015fet)<\/p>\n","protected":false},"featured_media":1186,"comment_status":"open","ping_status":"closed","template":"","meta":[],"product_cat":[83],"product_tag":[97,87,96,95,94],"_links":{"self":[{"href":"https:\/\/www.duyangelsin.com\/index.php\/wp-json\/wp\/v2\/product\/1185"}],"collection":[{"href":"https:\/\/www.duyangelsin.com\/index.php\/wp-json\/wp\/v2\/product"}],"about":[{"href":"https:\/\/www.duyangelsin.com\/index.php\/wp-json\/wp\/v2\/types\/product"}],"replies":[{"embeddable":true,"href":"https:\/\/www.duyangelsin.com\/index.php\/wp-json\/wp\/v2\/comments?post=1185"}],"wp:featuredmedia":[{"embeddable":true,"href":"https:\/\/www.duyangelsin.com\/index.php\/wp-json\/wp\/v2\/media\/1186"}],"wp:attachment":[{"href":"https:\/\/www.duyangelsin.com\/index.php\/wp-json\/wp\/v2\/media?parent=1185"}],"wp:term":[{"taxonomy":"product_cat","embeddable":true,"href":"https:\/\/www.duyangelsin.com\/index.php\/wp-json\/wp\/v2\/product_cat?post=1185"},{"taxonomy":"product_tag","embeddable":true,"href":"https:\/\/www.duyangelsin.com\/index.php\/wp-json\/wp\/v2\/product_tag?post=1185"}],"curies":[{"name":"wp","href":"https:\/\/api.w.org\/{rel}","templated":true}]}}