{"id":1183,"date":"2021-09-29T22:33:43","date_gmt":"2021-09-29T19:33:43","guid":{"rendered":"https:\/\/www.duyangelsin.com\/?post_type=product&#038;p=1183"},"modified":"2021-09-29T22:33:43","modified_gmt":"2021-09-29T19:33:43","slug":"gano-supreno","status":"publish","type":"product","link":"https:\/\/www.duyangelsin.com\/index.php\/urun\/gano-supreno\/","title":{"rendered":"Gano Supreno"},"content":{"rendered":"<p>Supreno, g\u00fczel aromal\u0131 kremal\u0131 kahveden ho\u015flanan ki\u015filer i\u00e7in \u00f6zel olarak harmanlanm\u0131\u015ft\u0131r.<\/p>\n<p>Ginseng ve Ganoderma Lucidum \u00f6z\u00fc kombinasyonu, kahvenin aromas\u0131n\u0131 muhafaza ederken farkl\u0131 bir lezzet<\/p>\n<p>olu\u015fturmu\u015ftur. Supreno, her kullan\u0131m t\u00fcr\u00fc i\u00e7in m\u00fckemmel bir i\u00e7ecektir.<\/p>\n<h3><strong>\u00dcr\u00fcn Detay\u0131<\/strong><\/h3>\n<p><strong>Tip:\u00a0<\/strong>Kahve<\/p>\n<p><strong>\u00dcr\u00fcn Kodu:\u00a0<\/strong>SP<\/p>\n<p><strong>Net Miktar:<\/strong>\u00a0420 g (20 po\u015fet x 21 g)<\/p>\n","protected":false},"excerpt":{"rendered":"<p>Supreno, g\u00fczel aromal\u0131 kremal\u0131 kahveden ho\u015flanan ki\u015filer i\u00e7in \u00f6zel olarak harmanlanm\u0131\u015ft\u0131r. Ginseng ve Ganoderma Lucidum \u00f6z\u00fc kombinasyonu, kahvenin aromas\u0131n\u0131 muhafaza ederken farkl\u0131 bir lezzet olu\u015fturmu\u015ftur. Supreno, her kullan\u0131m t\u00fcr\u00fc i\u00e7in m\u00fckemmel bir i\u00e7ecektir. \u00dcr\u00fcn Detay\u0131 Tip:\u00a0Kahve \u00dcr\u00fcn Kodu:\u00a0SP Net Miktar:\u00a0420 g (20 po\u015fet x 21 g)<\/p>\n","protected":false},"featured_media":1184,"comment_status":"open","ping_status":"closed","template":"","meta":[],"product_cat":[83],"product_tag":[87,88,90,93,85,92,91],"_links":{"self":[{"href":"https:\/\/www.duyangelsin.com\/index.php\/wp-json\/wp\/v2\/product\/1183"}],"collection":[{"href":"https:\/\/www.duyangelsin.com\/index.php\/wp-json\/wp\/v2\/product"}],"about":[{"href":"https:\/\/www.duyangelsin.com\/index.php\/wp-json\/wp\/v2\/types\/product"}],"replies":[{"embeddable":true,"href":"https:\/\/www.duyangelsin.com\/index.php\/wp-json\/wp\/v2\/comments?post=1183"}],"wp:featuredmedia":[{"embeddable":true,"href":"https:\/\/www.duyangelsin.com\/index.php\/wp-json\/wp\/v2\/media\/1184"}],"wp:attachment":[{"href":"https:\/\/www.duyangelsin.com\/index.php\/wp-json\/wp\/v2\/media?parent=1183"}],"wp:term":[{"taxonomy":"product_cat","embeddable":true,"href":"https:\/\/www.duyangelsin.com\/index.php\/wp-json\/wp\/v2\/product_cat?post=1183"},{"taxonomy":"product_tag","embeddable":true,"href":"https:\/\/www.duyangelsin.com\/index.php\/wp-json\/wp\/v2\/product_tag?post=1183"}],"curies":[{"name":"wp","href":"https:\/\/api.w.org\/{rel}","templated":true}]}}