{"id":1181,"date":"2021-09-29T22:29:56","date_gmt":"2021-09-29T19:29:56","guid":{"rendered":"https:\/\/www.duyangelsin.com\/?post_type=product&#038;p=1181"},"modified":"2021-09-29T22:29:56","modified_gmt":"2021-09-29T19:29:56","slug":"ganocafe-hazelnut-coffee","status":"publish","type":"product","link":"https:\/\/www.duyangelsin.com\/index.php\/urun\/ganocafe-hazelnut-coffee\/","title":{"rendered":"Ganocafe Hazelnut Coffee"},"content":{"rendered":"<p>Ganoderma Lucidum ger\u00e7e\u011fini f\u0131nd\u0131kl\u0131 kahvede ya\u015fay\u0131n.<\/p>\n<p>Gano F\u0131nd\u0131kl\u0131 Kahve, normal kahve ile ayn\u0131 de\u011ferlere sahiptir.<\/p>\n<p>Kahve sevenler i\u00e7in nefis f\u0131nd\u0131k lezzetiyle zenginle\u015ftirilmi\u015f e\u015fsiz bir kar\u0131\u015f\u0131md\u0131r.<\/p>\n<h3><strong>\u00dcr\u00fcn Detay\u0131<\/strong><\/h3>\n<p><strong>Tip:\u00a0<\/strong>Kahve<br \/>\n<strong>\u00dcr\u00fcn Kodu:\u00a0<\/strong>HZN-C<br \/>\n<strong>Adet:<\/strong>\u00a020 po\u015fet<br \/>\n<strong>Net Miktar:<\/strong>\u00a0460 gr. (20 po\u015fet x 23 gr.)<\/p>\n","protected":false},"excerpt":{"rendered":"<p>Ganoderma Lucidum ger\u00e7e\u011fini f\u0131nd\u0131kl\u0131 kahvede ya\u015fay\u0131n. Gano F\u0131nd\u0131kl\u0131 Kahve, normal kahve ile ayn\u0131 de\u011ferlere sahiptir. Kahve sevenler i\u00e7in nefis f\u0131nd\u0131k lezzetiyle zenginle\u015ftirilmi\u015f e\u015fsiz bir kar\u0131\u015f\u0131md\u0131r. \u00dcr\u00fcn Detay\u0131 Tip:\u00a0Kahve \u00dcr\u00fcn Kodu:\u00a0HZN-C Adet:\u00a020 po\u015fet Net Miktar:\u00a0460 gr. (20 po\u015fet x 23 gr.)<\/p>\n","protected":false},"featured_media":1182,"comment_status":"open","ping_status":"closed","template":"","meta":[],"product_cat":[83],"product_tag":[87,88,86,84,85,89],"_links":{"self":[{"href":"https:\/\/www.duyangelsin.com\/index.php\/wp-json\/wp\/v2\/product\/1181"}],"collection":[{"href":"https:\/\/www.duyangelsin.com\/index.php\/wp-json\/wp\/v2\/product"}],"about":[{"href":"https:\/\/www.duyangelsin.com\/index.php\/wp-json\/wp\/v2\/types\/product"}],"replies":[{"embeddable":true,"href":"https:\/\/www.duyangelsin.com\/index.php\/wp-json\/wp\/v2\/comments?post=1181"}],"wp:featuredmedia":[{"embeddable":true,"href":"https:\/\/www.duyangelsin.com\/index.php\/wp-json\/wp\/v2\/media\/1182"}],"wp:attachment":[{"href":"https:\/\/www.duyangelsin.com\/index.php\/wp-json\/wp\/v2\/media?parent=1181"}],"wp:term":[{"taxonomy":"product_cat","embeddable":true,"href":"https:\/\/www.duyangelsin.com\/index.php\/wp-json\/wp\/v2\/product_cat?post=1181"},{"taxonomy":"product_tag","embeddable":true,"href":"https:\/\/www.duyangelsin.com\/index.php\/wp-json\/wp\/v2\/product_tag?post=1181"}],"curies":[{"name":"wp","href":"https:\/\/api.w.org\/{rel}","templated":true}]}}