{"id":1177,"date":"2021-09-29T22:20:53","date_gmt":"2021-09-29T19:20:53","guid":{"rendered":"https:\/\/www.duyangelsin.com\/?post_type=product&#038;p=1177"},"modified":"2021-09-29T22:20:53","modified_gmt":"2021-09-29T19:20:53","slug":"oleaf-gano-rooibos-drink","status":"publish","type":"product","link":"https:\/\/www.duyangelsin.com\/index.php\/urun\/oleaf-gano-rooibos-drink\/","title":{"rendered":"Oleaf Gano Rooibos Drink"},"content":{"rendered":"<p>Ganotea SOD (Super Oksit Dismutaz), form\u00fcl\u00fc ile G\u00fcney Afrika k\u00f6kenli Rooibos \u00c7ay\u0131ndan (Asphalathus Linealist)<\/p>\n<p>ve Ganoderma Lucidum \u00f6z\u00fcnden elde edilen bir i\u00e7ecektir. Ganoderma Lucidum Rooibos \u00c7ay\u0131, ayn\u0131 zamanda<\/p>\n<p>SOD \u00c7ay\u0131 olarak da bilinir. Serbest radikallerin v\u00fccuttan uzakla\u015ft\u0131r\u0131lmas\u0131na yard\u0131m eden g\u00fc\u00e7l\u00fc bir antioksidan olan<\/p>\n<p>etkin SOD maddesini ihtiva eder.<\/p>\n<p>Sa\u011fl\u0131\u011f\u0131n ve tad\u0131n \u00f6zg\u00fcr bir harman\u0131&#8230;<\/p>\n<h3><strong>\u00dcr\u00fcn Detaylar\u0131<\/strong><\/h3>\n<p><strong>Tip:<\/strong>\u00a0\u00c7ay<\/p>\n<p><strong>\u00dcr\u00fcn Kodu:\u00a0<\/strong>OGRD<\/p>\n<p><strong>Adet:\u00a0<\/strong>20 po\u015fet<\/p>\n<p><strong>Net Miktar:\u00a0<\/strong>2 gr. (1 po\u015fet)<\/p>\n","protected":false},"excerpt":{"rendered":"<p>Ganotea SOD (Super Oksit Dismutaz), form\u00fcl\u00fc ile G\u00fcney Afrika k\u00f6kenli Rooibos \u00c7ay\u0131ndan (Asphalathus Linealist) ve Ganoderma Lucidum \u00f6z\u00fcnden elde edilen bir i\u00e7ecektir. Ganoderma Lucidum Rooibos \u00c7ay\u0131, ayn\u0131 zamanda SOD \u00c7ay\u0131 olarak da bilinir. Serbest radikallerin v\u00fccuttan uzakla\u015ft\u0131r\u0131lmas\u0131na yard\u0131m eden g\u00fc\u00e7l\u00fc bir antioksidan olan etkin SOD maddesini ihtiva eder. Sa\u011fl\u0131\u011f\u0131n ve tad\u0131n \u00f6zg\u00fcr bir harman\u0131&#8230; \u00dcr\u00fcn [&hellip;]<\/p>\n","protected":false},"featured_media":1178,"comment_status":"open","ping_status":"closed","template":"","meta":[],"product_cat":[75],"product_tag":[73,76,79,81,80,77,78],"_links":{"self":[{"href":"https:\/\/www.duyangelsin.com\/index.php\/wp-json\/wp\/v2\/product\/1177"}],"collection":[{"href":"https:\/\/www.duyangelsin.com\/index.php\/wp-json\/wp\/v2\/product"}],"about":[{"href":"https:\/\/www.duyangelsin.com\/index.php\/wp-json\/wp\/v2\/types\/product"}],"replies":[{"embeddable":true,"href":"https:\/\/www.duyangelsin.com\/index.php\/wp-json\/wp\/v2\/comments?post=1177"}],"wp:featuredmedia":[{"embeddable":true,"href":"https:\/\/www.duyangelsin.com\/index.php\/wp-json\/wp\/v2\/media\/1178"}],"wp:attachment":[{"href":"https:\/\/www.duyangelsin.com\/index.php\/wp-json\/wp\/v2\/media?parent=1177"}],"wp:term":[{"taxonomy":"product_cat","embeddable":true,"href":"https:\/\/www.duyangelsin.com\/index.php\/wp-json\/wp\/v2\/product_cat?post=1177"},{"taxonomy":"product_tag","embeddable":true,"href":"https:\/\/www.duyangelsin.com\/index.php\/wp-json\/wp\/v2\/product_tag?post=1177"}],"curies":[{"name":"wp","href":"https:\/\/api.w.org\/{rel}","templated":true}]}}