{"id":1311,"date":"2021-10-03T21:37:12","date_gmt":"2021-10-03T18:37:12","guid":{"rendered":"https:\/\/www.duyangelsin.com\/?page_id=1311"},"modified":"2021-10-05T13:37:56","modified_gmt":"2021-10-05T10:37:56","slug":"ucretsiz-bayilik","status":"publish","type":"page","link":"https:\/\/www.duyangelsin.com\/index.php\/ucretsiz-bayilik\/","title":{"rendered":"Gano Excel \u00dccretsiz Bayilik"},"content":{"rendered":"<p><strong><span style=\"font-size: 18px;\">Gano Excel T\u00fcrkiye&#8217;ye \u00fcye olarak \u00fcr\u00fcnlerimizi %20 indirimli alabilirsiniz.<\/span><\/strong><\/p>\n<p><strong><span style=\"font-size: 18px;\">Zaman kaybetmeden a\u015fa\u011f\u0131daki formu doldurarak <span style=\"color: #ff0000;\">\u00dcCRETS\u0130Z<\/span> bayi olabilirisiniz.<\/span><\/strong><\/p>\n<p><strong><span style=\"font-size: 18px;\">Size bir sponsar y\u00f6nlendirilecek ve hemen sizinle ileti\u015fime ge\u00e7ecektir.<\/span><\/strong><\/p>\n<p><strong><span style=\"color: #ff0000; font-size: 20px;\">\u00d6nemli Not: L\u00fctfen daha \u00f6nce \u00fcyelik yapanlar formu tekrar doldurmay\u0131n\u0131z.<\/span><\/strong><\/p>\n<div role=\"form\" class=\"wpcf7\" id=\"wpcf7-f1213-o1\" lang=\"tr-TR\" dir=\"ltr\">\n<div class=\"screen-reader-response\"><p role=\"status\" aria-live=\"polite\" aria-atomic=\"true\"><\/p> <ul><\/ul><\/div>\n<form action=\"\/index.php\/wp-json\/wp\/v2\/pages\/1311#wpcf7-f1213-o1\" method=\"post\" class=\"wpcf7-form init\" novalidate=\"novalidate\" data-status=\"init\">\n<div style=\"display: none;\">\n<input type=\"hidden\" name=\"_wpcf7\" value=\"1213\" \/>\n<input type=\"hidden\" name=\"_wpcf7_version\" value=\"5.6.4\" \/>\n<input type=\"hidden\" name=\"_wpcf7_locale\" value=\"tr_TR\" \/>\n<input type=\"hidden\" name=\"_wpcf7_unit_tag\" value=\"wpcf7-f1213-o1\" \/>\n<input type=\"hidden\" name=\"_wpcf7_container_post\" value=\"0\" \/>\n<input type=\"hidden\" name=\"_wpcf7_posted_data_hash\" value=\"\" \/>\n<\/div>\n<p><label> Ad-Soyad<br \/>\n    <span class=\"wpcf7-form-control-wrap\" data-name=\"your-name\"><input type=\"text\" name=\"your-name\" value=\"\" size=\"40\" class=\"wpcf7-form-control wpcf7-text wpcf7-validates-as-required\" aria-required=\"true\" aria-invalid=\"false\" \/><\/span> <\/label><\/p>\n<p><label> T.C. Kimlik No<br \/>\n    <span class=\"wpcf7-form-control-wrap\" data-name=\"tc\"><input type=\"text\" name=\"tc\" value=\"\" size=\"40\" class=\"wpcf7-form-control wpcf7-text wpcf7-validates-as-required\" aria-required=\"true\" aria-invalid=\"false\" \/><\/span> <\/label><\/p>\n<p><label> Do\u011fum Tarihi<br \/>\n    <span class=\"wpcf7-form-control-wrap\" data-name=\"dogum\"><input type=\"text\" name=\"dogum\" value=\"\" size=\"40\" class=\"wpcf7-form-control wpcf7-text wpcf7-validates-as-required\" aria-required=\"true\" aria-invalid=\"false\" \/><\/span> <\/label><\/p>\n<p><label> Cinsiyet<br \/>\n <span class=\"wpcf7-form-control-wrap\" data-name=\"radio-235\"><span class=\"wpcf7-form-control wpcf7-radio\"><span class=\"wpcf7-list-item first\"><label><input type=\"radio\" name=\"radio-235\" value=\"Erkek\" checked=\"checked\" \/><span class=\"wpcf7-list-item-label\">Erkek<\/span><\/label><\/span><span class=\"wpcf7-list-item last\"><label><input type=\"radio\" name=\"radio-235\" value=\"Kad\u0131n\" \/><span class=\"wpcf7-list-item-label\">Kad\u0131n<\/span><\/label><\/span><\/span><\/span>  <\/label><\/p>\n<p><label> E-posta adresi<br \/>\n    <span class=\"wpcf7-form-control-wrap\" data-name=\"your-email\"><input type=\"email\" name=\"your-email\" value=\"\" size=\"40\" class=\"wpcf7-form-control wpcf7-text wpcf7-email wpcf7-validates-as-required wpcf7-validates-as-email\" aria-required=\"true\" aria-invalid=\"false\" \/><\/span> <\/label><\/p>\n<p><label> Cep Telefonu<br \/>\n    <span class=\"wpcf7-form-control-wrap\" data-name=\"cep\"><input type=\"text\" name=\"cep\" value=\"\" size=\"40\" class=\"wpcf7-form-control wpcf7-text wpcf7-validates-as-required\" aria-required=\"true\" aria-invalid=\"false\" \/><\/span> <\/label><\/p>\n<p><label> Banka Ad\u0131<br \/>\n    <span class=\"wpcf7-form-control-wrap\" data-name=\"banka\"><input type=\"text\" name=\"banka\" value=\"\" size=\"40\" class=\"wpcf7-form-control wpcf7-text wpcf7-validates-as-required\" aria-required=\"true\" aria-invalid=\"false\" \/><\/span> <\/label><\/p>\n<p><label> IBAN No<br \/>\n    <span class=\"wpcf7-form-control-wrap\" data-name=\"iban\"><input type=\"text\" name=\"iban\" value=\"\" size=\"40\" class=\"wpcf7-form-control wpcf7-text wpcf7-validates-as-required\" aria-required=\"true\" aria-invalid=\"false\" \/><\/span><br \/>\n* IBAN numaras\u0131n\u0131n, kay\u0131t olan ki\u015fi \u00fczerine olmas\u0131 zorunludur. <\/label><\/p>\n<p><label> Adres<br \/>\n    <span class=\"wpcf7-form-control-wrap\" data-name=\"adres\"><input type=\"text\" name=\"adres\" value=\"\" size=\"40\" class=\"wpcf7-form-control wpcf7-text wpcf7-validates-as-required\" aria-required=\"true\" aria-invalid=\"false\" \/><\/span> <\/label><\/p>\n<p><input type=\"submit\" value=\"G\u00f6nder\" class=\"wpcf7-form-control has-spinner wpcf7-submit\" \/><\/p>\n<div class=\"wpcf7-response-output\" aria-hidden=\"true\"><\/div><\/form><\/div>\n","protected":false},"excerpt":{"rendered":"<p>Gano Excel T\u00fcrkiye&#8217;ye \u00fcye olarak \u00fcr\u00fcnlerimizi %20 indirimli alabilirsiniz. Zaman kaybetmeden a\u015fa\u011f\u0131daki formu doldurarak \u00dcCRETS\u0130Z bayi olabilirisiniz. Size bir sponsar y\u00f6nlendirilecek ve hemen sizinle ileti\u015fime ge\u00e7ecektir. \u00d6nemli Not: L\u00fctfen daha \u00f6nce \u00fcyelik yapanlar formu tekrar doldurmay\u0131n\u0131z.<\/p>\n","protected":false},"author":2,"featured_media":0,"parent":0,"menu_order":0,"comment_status":"closed","ping_status":"closed","template":"","meta":{"footnotes":""},"_links":{"self":[{"href":"https:\/\/www.duyangelsin.com\/index.php\/wp-json\/wp\/v2\/pages\/1311"}],"collection":[{"href":"https:\/\/www.duyangelsin.com\/index.php\/wp-json\/wp\/v2\/pages"}],"about":[{"href":"https:\/\/www.duyangelsin.com\/index.php\/wp-json\/wp\/v2\/types\/page"}],"author":[{"embeddable":true,"href":"https:\/\/www.duyangelsin.com\/index.php\/wp-json\/wp\/v2\/users\/2"}],"replies":[{"embeddable":true,"href":"https:\/\/www.duyangelsin.com\/index.php\/wp-json\/wp\/v2\/comments?post=1311"}],"version-history":[{"count":7,"href":"https:\/\/www.duyangelsin.com\/index.php\/wp-json\/wp\/v2\/pages\/1311\/revisions"}],"predecessor-version":[{"id":1327,"href":"https:\/\/www.duyangelsin.com\/index.php\/wp-json\/wp\/v2\/pages\/1311\/revisions\/1327"}],"wp:attachment":[{"href":"https:\/\/www.duyangelsin.com\/index.php\/wp-json\/wp\/v2\/media?parent=1311"}],"curies":[{"name":"wp","href":"https:\/\/api.w.org\/{rel}","templated":true}]}}