{"id":1290,"date":"2021-10-03T20:02:41","date_gmt":"2021-10-03T17:02:41","guid":{"rendered":"https:\/\/www.duyangelsin.com\/?page_id=1290"},"modified":"2021-10-03T20:09:26","modified_gmt":"2021-10-03T17:09:26","slug":"dokumanlar","status":"publish","type":"page","link":"https:\/\/www.duyangelsin.com\/index.php\/dokumanlar\/","title":{"rendered":"D\u00f6k\u00fcmanlar"},"content":{"rendered":"<p>&nbsp;<\/p>\n<p><span style=\"font-size: 20px;\">\u2022 G\u0131da G\u00fcvenli\u011fi G\u00fcvence Sistemi \u2022 GMP Malezya G\u0131da G\u00fcvenli\u011fi \u2022 Helal Sertifikas\u0131 <\/span><\/p>\n<p><span style=\"font-size: 20px;\">\u2022 Malezya Do\u011frudan Sat\u0131\u015f Derne\u011fi (DSAM) \u2022 Malezya Uyu\u015fturucu Kontrol Kurumu <\/span><\/p>\n<p><span style=\"font-size: 20px;\">\u2022 Malezya Tar\u0131m Bakanl\u0131\u011f\u0131 Organik \u00c7iftlik Sertifikas\u0131 \u2022 MyCO2 a Green Laboratuvarlar\u0131 <\/span><\/p>\n<p><span style=\"font-size: 20px;\">\u2022 Avustralya H\u00fck\u00fcmeti (Avustralya Karantina ve Denetim Servisi) \u2022 Avustralya H\u00fck\u00fcmeti (Sa\u011fl\u0131k Bakanl\u0131\u011f\u0131 Tedavi \u00fcr\u00fcnleri \u0130daresi) \u2022 FDA Sertifikas\u0131 (Filipinler G\u0131da ve \u0130la\u00e7 \u0130daresi) <\/span><\/p>\n<p><span style=\"font-size: 20px;\">\u2022 Sa\u011fl\u0131k Bilimleri Kurumu \u2022 Endonezya G\u0131da ve \u0130la\u00e7 Dairesi Ajans\u0131 (BADAN POM) <\/span><\/p>\n<p><span style=\"font-size: 20px;\">\u2022 G\u0131da ve \u0130la\u00e7 \u0130zleme Ulusal Enstit\u00fcs\u00fc \u2022 Kambo\u00e7ya Sa\u011fl\u0131k Bakanl\u0131\u011f\u0131 \u2022 Malezya Akreditasyon <\/span><\/p>\n<p><span style=\"font-size: 20px;\">\u2022 Sistem Belgelendirme (SGS) \u2022 UKAS Y\u00f6netim Sistemi \u2022 Biochem Hassas Teknoloji <\/span><\/p>\n<p><span style=\"font-size: 20px;\">\u2022 T\u00fcrkiye Cumhuriyeti Tar\u0131m ve Orman Bakanl\u0131\u011f\u0131<\/span><\/p>\n","protected":false},"excerpt":{"rendered":"<p>&nbsp; \u2022 G\u0131da G\u00fcvenli\u011fi G\u00fcvence Sistemi \u2022 GMP Malezya G\u0131da G\u00fcvenli\u011fi \u2022 Helal Sertifikas\u0131 \u2022 Malezya Do\u011frudan Sat\u0131\u015f Derne\u011fi (DSAM) \u2022 Malezya Uyu\u015fturucu Kontrol Kurumu \u2022 Malezya Tar\u0131m Bakanl\u0131\u011f\u0131 Organik \u00c7iftlik Sertifikas\u0131 \u2022 MyCO2 a Green Laboratuvarlar\u0131 \u2022 Avustralya H\u00fck\u00fcmeti (Avustralya Karantina ve Denetim Servisi) \u2022 Avustralya H\u00fck\u00fcmeti (Sa\u011fl\u0131k Bakanl\u0131\u011f\u0131 Tedavi \u00fcr\u00fcnleri \u0130daresi) \u2022 FDA [&hellip;]<\/p>\n","protected":false},"author":2,"featured_media":1295,"parent":0,"menu_order":0,"comment_status":"closed","ping_status":"closed","template":"","meta":{"footnotes":""},"_links":{"self":[{"href":"https:\/\/www.duyangelsin.com\/index.php\/wp-json\/wp\/v2\/pages\/1290"}],"collection":[{"href":"https:\/\/www.duyangelsin.com\/index.php\/wp-json\/wp\/v2\/pages"}],"about":[{"href":"https:\/\/www.duyangelsin.com\/index.php\/wp-json\/wp\/v2\/types\/page"}],"author":[{"embeddable":true,"href":"https:\/\/www.duyangelsin.com\/index.php\/wp-json\/wp\/v2\/users\/2"}],"replies":[{"embeddable":true,"href":"https:\/\/www.duyangelsin.com\/index.php\/wp-json\/wp\/v2\/comments?post=1290"}],"version-history":[{"count":3,"href":"https:\/\/www.duyangelsin.com\/index.php\/wp-json\/wp\/v2\/pages\/1290\/revisions"}],"predecessor-version":[{"id":1297,"href":"https:\/\/www.duyangelsin.com\/index.php\/wp-json\/wp\/v2\/pages\/1290\/revisions\/1297"}],"wp:featuredmedia":[{"embeddable":true,"href":"https:\/\/www.duyangelsin.com\/index.php\/wp-json\/wp\/v2\/media\/1295"}],"wp:attachment":[{"href":"https:\/\/www.duyangelsin.com\/index.php\/wp-json\/wp\/v2\/media?parent=1290"}],"curies":[{"name":"wp","href":"https:\/\/api.w.org\/{rel}","templated":true}]}}