{"id":1207,"date":"2021-10-01T20:16:13","date_gmt":"2021-10-01T17:16:13","guid":{"rendered":"https:\/\/www.duyangelsin.com\/?page_id=1207"},"modified":"2021-10-01T20:16:13","modified_gmt":"2021-10-01T17:16:13","slug":"misyon-ve-vizyon","status":"publish","type":"page","link":"https:\/\/www.duyangelsin.com\/index.php\/misyon-ve-vizyon\/","title":{"rendered":"Misyon ve Vizyon"},"content":{"rendered":"<div class=\"row\">\n<h2 class=\"module-title font-alt\">GANO EXCEL T\u00dcRK\u0130YE M\u0130SYON<\/h2>\n<div class=\"module-subtitle\">\n<p>Firmam\u0131z\u0131n T\u00fcrkiye&#8217;deki genel misyonu g\u00fcn\u00fcm\u00fcz\u00fcn de\u011fi\u015fen ve her ge\u00e7en g\u00fcn daha k\u00f6t\u00fcye giden \u00c7evre ko\u015fullar\u0131 \u2013 Hormonlu g\u0131dalar \u2013Dengesiz beslenme gibi sebeplerden dolay\u0131 olu\u015fmu\u015f ve olu\u015fabilecek olan sa\u011fl\u0131k problemleri kar\u015f\u0131s\u0131nda insanlara yard\u0131mc\u0131 olmak ve maddi anlamda hayat\u0131n\u0131n ak\u0131\u015f\u0131ndan memnun olmayan insanlara bir \u00e7\u0131k\u0131\u015f f\u0131rsat\u0131 sunmakt\u0131r.<\/p>\n<\/div>\n<\/div>\n<div class=\"row\">\n<div class=\"col-md-3\"><img decoding=\"async\" src=\"https:\/\/www.ganoexcel.com.tr\/images\/icerik\/19a6a9085bc66dde26a8720afef6f892.png\" \/><\/p>\n<h5>\u015e\u0130RKET<\/h5>\n<div>\n<p>1995&#8217;den bu g\u00fcne, Gano Excel \u00fcr\u00fcnleri, d\u00fcnyan\u0131n 100&#8217;den fazla \u00fclkesinde t\u00fcketilmekte ve halen 10 milyonun \u00fczerinde m\u00fc\u015fterisiyle, b\u00fcy\u00fcmesini s\u00fcrd\u00fcrmektedir.\n<\/p><\/div>\n<\/div>\n<div class=\"col-md-3\"><img decoding=\"async\" src=\"https:\/\/www.ganoexcel.com.tr\/images\/icerik\/dc4d89861da876a3fb8154d45d96f0b1.png\" \/><\/p>\n<h5>GANODERMA<\/h5>\n<div>\n<p>4.000 y\u0131ldan fazlad\u0131r, Ganoderma Lucidum d\u00fcnyan\u0131n gizli bir mucizesi olmu\u015ftur. Gano Excel, bu gizli m\u00fccevher kutusunun kilidini k\u0131rd\u0131 ve bu mucizeyi d\u00fcnyaya sundu.<\/p>\n<\/div>\n<\/div>\n<div class=\"col-md-3\"><img decoding=\"async\" src=\"https:\/\/www.ganoexcel.com.tr\/images\/icerik\/f122c6f913086ca310141d75305bd138.png\" \/><\/p>\n<h5>\u00dcR\u00dcN<\/h5>\n<div>\n<p>En yenilik\u00e7i teknolojiyi kullanan Gano Excel, kendi \u00e7iftliklerinde, tamamen do\u011fal y\u00f6ntemlerle \u00fcretti\u011fi y\u00fcksek kalitedeki \u00fcr\u00fcnlerini milyonlarca m\u00fc\u015fterisine tedarik etmektedir.<\/p>\n<\/div>\n<\/div>\n<div class=\"col-md-3\"><img decoding=\"async\" src=\"https:\/\/www.ganoexcel.com.tr\/images\/icerik\/e78ef076de84a619a9ef9266dac6fa21.png\" \/><\/p>\n<h5>YEN\u0130L\u0130K\u00c7\u0130 FIRSATLAR<\/h5>\n<div>\n<p><span id=\"result_box\" class=\"\" lang=\"tr\" tabindex=\"-1\"><span class=\"hps\">Gano Excel,<\/span>\u00a0<span class=\"hps\">herkes<\/span>\u00a0<span class=\"hps\">i\u00e7in faydal\u0131 ve\u00a0<\/span>ba\u011f\u0131ms\u0131z\u00a0<span class=\"hps\">i\u015f<\/span>\u00a0f\u0131rsatlar\u0131 sunuyor. Kendi ba\u011f\u0131ms\u0131z i\u015finizi kurup bizimle birlikte b\u00fcy\u00fcyebilirsiniz.<\/span><\/p>\n<\/div>\n<\/div>\n<\/div>\n","protected":false},"excerpt":{"rendered":"<p>GANO EXCEL T\u00dcRK\u0130YE M\u0130SYON Firmam\u0131z\u0131n T\u00fcrkiye&#8217;deki genel misyonu g\u00fcn\u00fcm\u00fcz\u00fcn de\u011fi\u015fen ve her ge\u00e7en g\u00fcn daha k\u00f6t\u00fcye giden \u00c7evre ko\u015fullar\u0131 \u2013 Hormonlu g\u0131dalar \u2013Dengesiz beslenme gibi sebeplerden dolay\u0131 olu\u015fmu\u015f ve olu\u015fabilecek olan sa\u011fl\u0131k problemleri kar\u015f\u0131s\u0131nda insanlara yard\u0131mc\u0131 olmak ve maddi anlamda hayat\u0131n\u0131n ak\u0131\u015f\u0131ndan memnun olmayan insanlara bir \u00e7\u0131k\u0131\u015f f\u0131rsat\u0131 sunmakt\u0131r. \u015e\u0130RKET 1995&#8217;den bu g\u00fcne, Gano Excel [&hellip;]<\/p>\n","protected":false},"author":2,"featured_media":0,"parent":0,"menu_order":0,"comment_status":"closed","ping_status":"closed","template":"","meta":{"footnotes":""},"_links":{"self":[{"href":"https:\/\/www.duyangelsin.com\/index.php\/wp-json\/wp\/v2\/pages\/1207"}],"collection":[{"href":"https:\/\/www.duyangelsin.com\/index.php\/wp-json\/wp\/v2\/pages"}],"about":[{"href":"https:\/\/www.duyangelsin.com\/index.php\/wp-json\/wp\/v2\/types\/page"}],"author":[{"embeddable":true,"href":"https:\/\/www.duyangelsin.com\/index.php\/wp-json\/wp\/v2\/users\/2"}],"replies":[{"embeddable":true,"href":"https:\/\/www.duyangelsin.com\/index.php\/wp-json\/wp\/v2\/comments?post=1207"}],"version-history":[{"count":1,"href":"https:\/\/www.duyangelsin.com\/index.php\/wp-json\/wp\/v2\/pages\/1207\/revisions"}],"predecessor-version":[{"id":1209,"href":"https:\/\/www.duyangelsin.com\/index.php\/wp-json\/wp\/v2\/pages\/1207\/revisions\/1209"}],"wp:attachment":[{"href":"https:\/\/www.duyangelsin.com\/index.php\/wp-json\/wp\/v2\/media?parent=1207"}],"curies":[{"name":"wp","href":"https:\/\/api.w.org\/{rel}","templated":true}]}}