{"id":1204,"date":"2021-10-01T20:14:32","date_gmt":"2021-10-01T17:14:32","guid":{"rendered":"https:\/\/www.duyangelsin.com\/?page_id=1204"},"modified":"2021-10-01T20:14:45","modified_gmt":"2021-10-01T17:14:45","slug":"hakkimizda","status":"publish","type":"page","link":"https:\/\/www.duyangelsin.com\/index.php\/hakkimizda\/","title":{"rendered":"Hakk\u0131m\u0131zda"},"content":{"rendered":"\n<h2 class=\"wp-block-heading\">HAKKIMIZDA<\/h2>\n\n\n\n<p><br>Gano Excel Industries Sdn. Bhd. d\u00fcnyan\u0131n d\u00f6rt bir yan\u0131nda, sa\u011fl\u0131k ve zindelik sekt\u00f6r\u00fcnde network marketing sistemi ile \u00e7al\u0131\u015fan, k\u00f6kl\u00fc ve \u00f6nc\u00fc \u015firketlerden birisidir.<br>1983 y\u0131l\u0131nda at\u0131lan \u015firketin temelleri, 12 y\u0131ll\u0131k AR-GE \u00e7al\u0131\u015fmalar\u0131 sonucunda, 1995 y\u0131l\u0131nda \u2018\u2018GANO EXCEL INTERNATIONAL\u2019\u2019 olarak NETWORK MARKETING d\u00fcnyas\u0131ndaki yerini alm\u0131\u015ft\u0131r.<br><br>\u015eirketimiz \u00fcr\u00fcnlerini, 4.000 y\u0131l \u00f6nceye dayanan antik d\u00f6nemde, \u201cBitkilerin Mucizevi Kral\u0131\u201d olarak kabul g\u00f6ren Ganoderma Lucidum \u00f6zlerinden \u00fcretmektedir.<br>\u00dcr\u00fcnlerimizin temel hammaddesi olan \u201cGanoderma Lucidum Mantar\u0131n\u0131\u201d %100 organik olarak Malezya&#8217;n\u0131n Kedah eyaletindeki kendi \u00e7iftliklerimizde, yeti\u015ftirmekteyiz.<br>Bir zamanlar sadece kraliyet ailelerinin sofralar\u0131nda bulunabilen bu \u015fifal\u0131 bitki art\u0131k Gano Excel\u2122 ile evlerinize kadar gelebilmektedir.&nbsp;<br><br>Gano Excel Industries Sdn. Bhd. Ganoderma Lucidum mantar\u0131n\u0131n ekstrakt\u0131ndan yap\u0131lm\u0131\u015f \u00f6zel g\u0131da takviyesi kaps\u00fcller,<br>Ganoderma Lucidum mantar\u0131n\u0131n ekstrakt\u0131 ile harmanlanm\u0131\u015f \u00f6zel antioksidan \u00f6zellikli, her damak tad\u0131na uygun kahveler ve \u00f6zel i\u00e7ecekler,<br>ki\u015fisel bak\u0131m \u00fcr\u00fcnleri ve cilt bak\u0131m \u00fcr\u00fcnlerinden ev \u00fcr\u00fcnlerine kadar uzanan \u00e7ok geni\u015f yelpazeli benzersiz bir \u00fcr\u00fcn gam\u0131n\u0131 \u00fcretmekte ve da\u011f\u0131tmaktad\u0131r.<br><br>D\u00fcnya genelinde 100\u2019den fazla \u00fclkede faaliyet g\u00f6steren Gano Excel Industries Sdn. Bhd. yeni \u00fcr\u00fcnler ve yeni piyasalar konusunda \u00e7al\u0131\u015fmalar\u0131n\u0131 s\u00fcrd\u00fcrmektedir.<br>\u015eirket b\u00fcy\u00fck bir vizyona ve di\u011fer insanlar\u0131n geli\u015fimi ve ailemize kat\u0131lmalar\u0131 konusunda \u00e7al\u0131\u015fmalar yapan y\u00fcksek motivasyonlu bir kadroya sahiptir. \u201dSa\u011fl\u0131k \u00dcr\u00fcnleri Sekt\u00f6r\u00fcnde \u00d6nc\u00fc Marka\u201d vizyonuna sahip \u015firketimiz sadece birinci s\u0131n\u0131f \u00fcr\u00fcnler \u00fcretmekte ve da\u011f\u0131tmaktad\u0131r.<\/p>\n\n\n\n<h3 class=\"wp-block-heading\">GANO EXCEL T\u00dcRK\u0130YE<\/h3>\n\n\n\n<p>Gano Excel International, \u00fclkemizdeki faaliyetine 2010 y\u0131l\u0131nda Gano Excel Marketing Private \u0130thalat ve Pazarlama \u015eirketi ad\u0131 alt\u0131nda,<br>%100 yabanc\u0131 sermayeli ba\u015flam\u0131\u015ft\u0131r. Firmam\u0131z\u0131n uluslararas\u0131 genel merkezinin yer ald\u0131\u011f\u0131 Malezya\u2019da 100&#8217;\u00fcn \u00fczerinde farkl\u0131 \u00fcr\u00fcn \u00fcretmektedir, fakat<br>T\u00fcrkiye pazar\u0131nda yeni oldu\u011fumuz i\u00e7in bug\u00fcn itibariyle, \u00fclkemizde 18 ana \u00fcr\u00fcn\u00fcyle pazarda aktif olarak \u00e7al\u0131\u015fmaktad\u0131r.<\/p>\n","protected":false},"excerpt":{"rendered":"<p>HAKKIMIZDA Gano Excel Industries Sdn. Bhd. d\u00fcnyan\u0131n d\u00f6rt bir yan\u0131nda, sa\u011fl\u0131k ve zindelik sekt\u00f6r\u00fcnde network marketing sistemi ile \u00e7al\u0131\u015fan, k\u00f6kl\u00fc ve \u00f6nc\u00fc \u015firketlerden birisidir.1983 y\u0131l\u0131nda at\u0131lan \u015firketin temelleri, 12 y\u0131ll\u0131k AR-GE \u00e7al\u0131\u015fmalar\u0131 sonucunda, 1995 y\u0131l\u0131nda \u2018\u2018GANO EXCEL INTERNATIONAL\u2019\u2019 olarak NETWORK MARKETING d\u00fcnyas\u0131ndaki yerini alm\u0131\u015ft\u0131r. \u015eirketimiz \u00fcr\u00fcnlerini, 4.000 y\u0131l \u00f6nceye dayanan antik d\u00f6nemde, \u201cBitkilerin Mucizevi Kral\u0131\u201d [&hellip;]<\/p>\n","protected":false},"author":2,"featured_media":0,"parent":0,"menu_order":0,"comment_status":"closed","ping_status":"closed","template":"","meta":{"footnotes":""},"_links":{"self":[{"href":"https:\/\/www.duyangelsin.com\/index.php\/wp-json\/wp\/v2\/pages\/1204"}],"collection":[{"href":"https:\/\/www.duyangelsin.com\/index.php\/wp-json\/wp\/v2\/pages"}],"about":[{"href":"https:\/\/www.duyangelsin.com\/index.php\/wp-json\/wp\/v2\/types\/page"}],"author":[{"embeddable":true,"href":"https:\/\/www.duyangelsin.com\/index.php\/wp-json\/wp\/v2\/users\/2"}],"replies":[{"embeddable":true,"href":"https:\/\/www.duyangelsin.com\/index.php\/wp-json\/wp\/v2\/comments?post=1204"}],"version-history":[{"count":1,"href":"https:\/\/www.duyangelsin.com\/index.php\/wp-json\/wp\/v2\/pages\/1204\/revisions"}],"predecessor-version":[{"id":1206,"href":"https:\/\/www.duyangelsin.com\/index.php\/wp-json\/wp\/v2\/pages\/1204\/revisions\/1206"}],"wp:attachment":[{"href":"https:\/\/www.duyangelsin.com\/index.php\/wp-json\/wp\/v2\/media?parent=1204"}],"curies":[{"name":"wp","href":"https:\/\/api.w.org\/{rel}","templated":true}]}}